
{"id":26,"date":"2006-01-01T00:00:00","date_gmt":"2006-01-01T00:00:00","guid":{"rendered":"http:\/\/alhama.com\/blog\/ausencias\/contacto\/"},"modified":"2024-02-10T10:56:41","modified_gmt":"2024-02-10T09:56:41","slug":"contacto","status":"publish","type":"page","link":"https:\/\/ausencias.es\/arenasdelrey\/contacto\/","title":{"rendered":"Contacte"},"content":{"rendered":"<p align=\"center\"><span style=\"font-size: 24pt; color: #993300;\"><strong>Contacte con nosotros<\/strong><\/span><\/p>\n<p>\u00a0Usted puede contactar con nosotros para hacer inclusiones, modificaciones o solicitar informaci\u00f3n a trav\u00e9s del <strong>TELEGRAM<\/strong> al <strong>628 669 460<\/strong> (<strong>no admitimos WhatsApp<\/strong>), o por correo electr\u00f3nico a:<\/p>\n<p style=\"text-align: center;\"><a href=\"mailto:ausencias.es@gmail.com\" target=\"_blank\" rel=\"noopener\"><strong>ausencias.es@gmail.com<\/strong><\/a><\/p>\n<p><strong>Recuerde que<\/strong>:<\/p>\n<p>&#8211; Entendemos que se ha le\u00eddo y conoce la <strong>normativa de la p\u00e1gina<\/strong>.<\/p>\n<p>&#8211; No atendemos an\u00f3nimos y deber\u00e1 incluir su\u00a0correo electr\u00f3nico y\u00a0un tel\u00e9fono de contacto.<\/p>\n<p>&#8211; Especifique claramente el motivo de su contacto.<\/p>\n<p>&#8211; <strong>Si es usted amigo, familiar o empresa funeraria y quiere que demos un alta<\/strong>;\u00a0adj\u00fantenos el carnet de identidad escaneado por ambas caras, una foto reciente (o se utilizar\u00e1 la del carnet de identidad) y la fecha de defunci\u00f3n. Tambi\u00e9n nos puede indicar los datos del entierro y cualquier otra cosa que considere de inter\u00e9s y quiera que publiquemos. <strong>NOTA<\/strong>.- No se admiten fotocopias por la mala calidad de las mismas y la imposibilidad de verificar la veracidad de lo enviado.<\/p>\n<p>&#8211; <strong>Si su referencia es sobre alg\u00fan contenido<\/strong>; identifique claramente la fecha y el nombre completo al que se refiere.<\/p>\n<p>&#8211; <strong>Si su referencia es sobre alguna correcci\u00f3n<\/strong>; identifique claramente la fecha y el nombre completo al que se refiere y el motivo de la correcci\u00f3n.<\/p>\n<p>&#8211; <strong>Si su referencia es para incluir alguna foto, o sustituir la que aparece<\/strong>; identifique claramente la fecha y el nombre completo al que se refiere y, si es sustituci\u00f3n, el motivo de \u00e9sta.<\/p>\n<p>&#8211; Tenga en cuenta que si nos surge alguna duda de identificaci\u00f3n en alg\u00fan sentido no efectuaremos ninguna correcci\u00f3n o modificaci\u00f3n.<\/p>\n<p>&#8211; Esta p\u00e1gina se rige por la legislaci\u00f3n espa\u00f1ola y europea.<\/p>\n<p>&nbsp;<\/p>\n<p><img loading=\"lazy\" decoding=\"async\" class=\"aligncenter\" src=\"http:\/\/ausencias.es\/img\/rosa_60x60.png\" width=\"60\" height=\"60\" \/><\/p>\n<h2><\/h2>\n<h2><span style=\"color: #800000;\">Si desea hacer alguna inclusi\u00f3n, modificaci\u00f3n u observaci\u00f3n en la agenda utilice el correo electr\u00f3nico para contactar con nosotros:<\/span><\/h2>\n<p>Escr\u00edbanos a <a href=\"mailto:ausencias.es@gmail.com\" target=\"_blank\" rel=\"noopener\"><strong>ausencias.es@gmail.com<\/strong><\/a><\/p>\n<p>indicando claramente su petici\u00f3n, si es para <strong>incluir<\/strong> a alguien, o para hacer una<strong> modificaci\u00f3n<\/strong> sobre alguna de las personas que recogemos en la web.<\/p>\n<p><strong>Si es para una inclusi\u00f3n es obligatorio:<\/strong><br \/>\n&#8211; Nombre completo y n\u00famero de tel\u00e9fono de la persona que hace la solicitud.<br \/>\n&#8211; Nombre completo del fallecido.<br \/>\n&#8211; D\u00eda, mes y a\u00f1o de nacimiento.<br \/>\n&#8211; D\u00eda, mes y a\u00f1o de fallecimiento.<br \/>\n&#8211; Lugar de fallecimiento.<br \/>\n&#8211; Lugar de enterramiento o incineraci\u00f3n.<br \/>\n&#8211; Foto (si est\u00e1 con m\u00e1s gente lo recortamos)<br \/>\n&#8211; Si el fallecimiento es el mismo d\u00eda o est\u00e1 en tiempo: tanatorio, hora del entierro, iglesia, etc.<br \/>\n&#8211; Cualquier cosa que se quiera aportar.<br \/>\n&#8211; Si hubiese funeral, homenaje, etc., y se nos indica el d\u00eda lo incluiremos en la Agenda.<\/p>\n<p>Ante cualquier duda NO HACEMOS NADA.<\/p>\n<p>&nbsp;<\/p>\n<p><img loading=\"lazy\" decoding=\"async\" class=\"aligncenter\" src=\"http:\/\/ausencias.es\/img\/rosa_60x60.png\" width=\"60\" height=\"60\" \/><\/p>\n<p>&nbsp;<\/p>\n<div class=\"notranslate\" style=\"all: initial;\"><\/div>\n","protected":false},"excerpt":{"rendered":"<p>Contacte con nosotros \u00a0Usted puede contactar con nosotros para hacer inclusiones, modificaciones o solicitar informaci\u00f3n a trav\u00e9s del TELEGRAM al 628 669 460 (no admitimos WhatsApp), o por correo electr\u00f3nico a: ausencias.es@gmail.com Recuerde que: &#8211; Entendemos que se ha le\u00eddo y conoce la normativa de la p\u00e1gina. &#8211; No atendemos an\u00f3nimos y deber\u00e1 incluir su\u00a0correoSeguir leyendo &rarr;<\/p>\n","protected":false},"author":1,"featured_media":0,"parent":0,"menu_order":0,"comment_status":"closed","ping_status":"open","template":"","meta":{"footnotes":""},"class_list":["post-26","page","type-page","status-publish","hentry","no-thumb"],"_links":{"self":[{"href":"https:\/\/ausencias.es\/arenasdelrey\/wp-json\/wp\/v2\/pages\/26","targetHints":{"allow":["GET"]}}],"collection":[{"href":"https:\/\/ausencias.es\/arenasdelrey\/wp-json\/wp\/v2\/pages"}],"about":[{"href":"https:\/\/ausencias.es\/arenasdelrey\/wp-json\/wp\/v2\/types\/page"}],"author":[{"embeddable":true,"href":"https:\/\/ausencias.es\/arenasdelrey\/wp-json\/wp\/v2\/users\/1"}],"replies":[{"embeddable":true,"href":"https:\/\/ausencias.es\/arenasdelrey\/wp-json\/wp\/v2\/comments?post=26"}],"version-history":[{"count":7,"href":"https:\/\/ausencias.es\/arenasdelrey\/wp-json\/wp\/v2\/pages\/26\/revisions"}],"predecessor-version":[{"id":1060,"href":"https:\/\/ausencias.es\/arenasdelrey\/wp-json\/wp\/v2\/pages\/26\/revisions\/1060"}],"wp:attachment":[{"href":"https:\/\/ausencias.es\/arenasdelrey\/wp-json\/wp\/v2\/media?parent=26"}],"curies":[{"name":"wp","href":"https:\/\/api.w.org\/{rel}","templated":true}]}}