
{"id":27,"date":"2006-01-01T00:00:00","date_gmt":"2006-01-01T00:00:00","guid":{"rendered":"http:\/\/alhama.com\/blog\/ausencias\/informacion\/"},"modified":"2023-08-06T13:02:10","modified_gmt":"2023-08-06T11:02:10","slug":"informacion","status":"publish","type":"page","link":"https:\/\/ausencias.es\/cacin\/?page_id=27","title":{"rendered":"Informaci\u00f3n"},"content":{"rendered":"<h2><span style=\"color: #895000;\"><strong>\u00bfPorqu\u00e9 no est\u00e1 la persona que busco?<\/strong><\/span><\/h2>\n<p>Para que aqu\u00ed figure una persona nos lo tiene que haber comunicado la familia, la empresa funeraria o cualquier persona responsable. Si no nos enteramos del deceso no podemos incluirlo, ya que nosotros no tenemos otro sistema de informaci\u00f3n al respecto.<\/p>\n<p><img loading=\"lazy\" decoding=\"async\" class=\"aligncenter\" src=\"http:\/\/ausencias.es\/img\/rosa_60x60.png\" width=\"60\" height=\"60\" \/><\/p>\n<hr \/>\n<h2><span style=\"color: #895000;\"><strong>Normas sobre los comentarios y p\u00e9sames. \u00bfPorqu\u00e9 no aparece mi condolencia?<\/strong><\/span><\/h2>\n<p><strong>Informaci\u00f3n sobre los comentarios, p\u00e9sames y condolencias<\/strong><br \/>\n&#8211; Reflexiona antes de dejar tu comentario.<br \/>\n&#8211; Tu correo electr\u00f3nico nunca se muestra, pero es obligatorio.<br \/>\n&#8211; Puede que el comentario NO se vea publicado inmediatamente, ten un poco de paciencia ya que tiene que ser revisado.<br \/>\n&#8211; No abuses de las letras en may\u00fascula. (Si todo est\u00e1 en may\u00fascula no se publicar\u00e1).<br \/>\n&#8211; No se aceptan los mensajes tipo m\u00f3vil, con abreviaturas o incorrecciones gramaticales intencionadas, por ejemplo, cambiar el \u2018que\u2019 por s\u00f3lo \u2018q\u2019 o el \u2018por\u2019 por \u2018x\u2019, mucho por &#8216;muxo&#8217;, etc., este tipo de mensajes tampoco se publicar\u00e1n.<br \/>\n&#8211; En ning\u00fan caso se publicar\u00e1 cualquier cosa que pueda generar pol\u00e9mica (con o sin motivo), que se considere negativa o poco adecuada y cuyo objetivo no sea honrar su memoria.<br \/>\n&#8211; No se permiten los an\u00f3nimos, o lo que s\u00f3lo sea un DEP, RIP, etc., lo que se entiende que no es un comentario, p\u00e9same o condolencia.<br \/>\n&#8211; Deja fluir tus sentimientos y expr\u00e9salos de la forma m\u00e1s correcta posible, ya que quedan aqu\u00ed para siempre honrando la memoria de nuestros seres queridos.<img loading=\"lazy\" decoding=\"async\" class=\"aligncenter\" src=\"http:\/\/ausencias.es\/img\/rosa_60x60.png\" width=\"60\" height=\"60\" \/><\/p>\n<hr \/>\n<h2><span style=\"color: #895000;\"><strong>Recibe AUSENCIAS en tu m\u00f3vil<\/strong><\/span><\/h2>\n<p><img decoding=\"async\" src=\"http:\/\/alhama.com\/digital\/images\/stories\/web\/telegram_01.jpg\" alt=\"\" \/><\/p>\n<p>Desde el 11 de marzo de 2016. Hemos creado dos canales en Telegram para tenerte informado de todo, la actualidad desde <strong>@alhama_com<\/strong> y la tradicional de Ausencias a trav\u00e9s de <strong>@ausencias<\/strong>, todo ello adem\u00e1s de las redes sociales.<\/p>\n<p><span style=\"font-size: 18pt; color: #895000;\"><strong>Telegram da esta posibilidad<\/strong><\/span><\/p>\n<p>Para lo que no lo conozcan; Telegram es com Whatsapp, pero mejor, lo que pasa que Whatsapp lleg\u00f3 primero y eso ya no hay quien se lo quite, pero no hay problema en instalar los dos y as\u00ed contar con los beneficios que ofrecen ambos.<\/p>\n<p><img decoding=\"async\" src=\"http:\/\/alhama.com\/digital\/images\/stories\/web\/google_play_store_01.jpg\" alt=\"\" \/><\/p>\n<p>&#8211; Si no lo tienes instalado te lo descargas de Google Play Store, o de cualquier servicio similar.<\/p>\n<p>&#8211; F\u00edjate en el logo de Telegram, un avioncito como el que hac\u00edas de ni\u00f1o.<\/p>\n<p><img decoding=\"async\" src=\"http:\/\/alhama.com\/digital\/images\/stories\/web\/telegram_logo_01.jpg\" alt=\"\" \/><\/p>\n<p>&#8211; Telegram se puede instalar en cualquier sitio sin ning\u00fan problema, tanto en el ordenador (versi\u00f3n escritorio), como en la tablet o en el m\u00f3vil, te pedir\u00e1 un c\u00f3digo de activaci\u00f3n que te env\u00edan por SMS al m\u00f3vil que hayas indicado, y a partir de ese momento est\u00e1 operativo.<\/p>\n<p>&#8211; Una vez instalado te aparecer\u00e1n tus contactos que tambi\u00e9n tenga Telegram.<\/p>\n<p><span style=\"font-size: 18pt; color: #895000;\"><strong>\u00bfC\u00f3mo me suscribo?<\/strong><\/span><\/p>\n<p><span style=\"font-size: 18pt;\"><strong><img decoding=\"async\" src=\"http:\/\/alhama.com\/digital\/images\/stories\/web\/telegram_logos_ac_01.jpg\" alt=\"\" \/><\/strong><\/span><\/p>\n<p>Bien, una vez operativo tendr\u00e1s que darle a la lupa del buscador, ah\u00ed teclea:<\/p>\n<p><span style=\"font-size: 14pt; color: #3366ff;\"><strong>@alhama_com<\/strong><\/span> (lleva gui\u00f3n bajo)<\/p>\n<p>&#8211; Cuando te aparezca nuestro logo lo pulsas y no olvides darle a UNIRME AL CANAL.<\/p>\n<p>&#8211; A partir de ese momento recibir\u00e1s nuestras informaciones.<\/p>\n<p><span style=\"font-size: 12pt; color: #993300;\"><strong>Lo mismo para Ausencias<\/strong><\/span><\/p>\n<p>&#8211; En el buscador pones <span style=\"font-size: 14pt; color: #3366ff;\"><strong>@ausencias<\/strong><\/span>, y busca el logo de Ausencias.<\/p>\n<p>&#8211; Le das a unirte, y a partir de ese momento recibes lo publicado y lo que se publique.<\/p>\n<p>&#8211; Y eso es todo. Desde ese momento estar\u00e1s m\u00e1s informado de las noticias de Alhama y Comarca.<\/p>\n<p><img decoding=\"async\" src=\"http:\/\/alhama.com\/digital\/images\/stories\/web\/telegram_00.jpg\" alt=\"\" \/><\/p>\n<p><span style=\"color: #895000; font-size: 18pt;\"><strong>Nosotros te invitamos<\/strong><\/span><\/p>\n<p style=\"text-align: justify;\">El proceso es muy f\u00e1cil, pero si se te complica por alg\u00fan motivo una vez que tengas el Telegram instalado y operativo nos agregas a tus contactos como &#8216;Alhama Comunicaci\u00f3n&#8217; o &#8216;Alhama Com&#8217;, con nuestro tel\u00e9fono: <span style=\"font-size: 12pt;\"><strong>628 669 460<\/strong><\/span>, y desde el propio Telegram nos env\u00edas un mensaje para que nosotros te invitemos, y as\u00ed tambi\u00e9n te quedar\u00e1 activado. Recuerda que funciona como el WhatsApp y que todo es gratuito.<\/p>\n<p style=\"text-align: justify;\"><img loading=\"lazy\" decoding=\"async\" class=\"aligncenter\" src=\"http:\/\/ausencias.es\/img\/rosa_60x60.png\" width=\"60\" height=\"60\" \/><\/p>\n<hr \/>\n<h2>Cronolog\u00eda:<\/h2>\n<ul>\n<li><span style=\"color: #895000;\"><strong>Julio 2023<\/strong>:<\/span><br \/>\nCambiamos el dise\u00f1o de la p\u00e1gina, tras un mes inactivos, al haber cambiado las caracter\u00edsticas t\u00e9cnicas, y tener que adaptarnos a ellas, no siendo compatible el anterior dise\u00f1o.<\/li>\n<li><span style=\"color: #895000;\"><strong>Enero 2019<\/strong>:<\/span><br \/>\nDesde enero de 2019 las fotos de identificaci\u00f3n cambian de formato;<br \/>\nde gif a jpg,<br \/>\ny de tama\u00f1o, de:<br \/>\n57&#215;85 px. = 2&#215;3 cm., a<br \/>\n85&#215;113 px. = 3&#215;4 cm.<\/li>\n<li><span style=\"color: #895000;\"><strong>09-08-2016<\/strong>:<\/span> Adaptamos la configuraci\u00f3n de la web a las nuevas tecnolog\u00edas con cambio de dise\u00f1o.<\/li>\n<li><span style=\"color: #895000;\"><strong>Mayo 2009<\/strong>:<\/span> Se presenta la nueva web con un dise\u00f1o adecuado a este fin.<\/li>\n<li><span style=\"color: #895000;\"><strong>25-04-2009<\/strong>:<\/span> Se registra el dominio de AUSENCIAS, para ser utilizado por separado de alhama.com.<\/li>\n<li><span style=\"color: #895000;\"><strong>Febrero 2006<\/strong>:<\/span> Se inicia AUSENCIAS, pero como una secci\u00f3n de alhama.com.<\/li>\n<\/ul>\n<p><img loading=\"lazy\" decoding=\"async\" class=\"aligncenter\" src=\"http:\/\/ausencias.es\/img\/rosa_60x60.png\" width=\"60\" height=\"60\" \/><\/p>\n<hr \/>\n<h2>Actividad actual:<\/h2>\n<div id=\"useronline-details\"><p>Hay <strong>1 usuario<\/strong> en l\u00ednea ahora: <strong>0 miembros<\/strong>, <strong>0 invitados <\/strong> y <strong>1 bot<\/strong><\/p><p>El mayor n\u00famero de usuarios online ha sido de <strong>20<\/strong>, el <strong>18 de octubre de 2024 @ 08:37<\/strong><\/p><h2>1 bot en l\u00ednea ahora<\/h2><p><strong>#1 - ClaudeBot<\/strong>  en 6 de abril de 2026 @ 13:07<br\/>Ausencias, Cac\u00edn (Granada) &raquo;  &raquo; Informaci\u00f3n [<a href=\"\/cacin\/?page_id=27\">URL<\/a>] [<a href=\"https:\/\/ausencias.es\/cacin\/?p=27\">origen<\/a>]<\/p>\n<\/div>\n<p><img loading=\"lazy\" decoding=\"async\" class=\"aligncenter\" src=\"http:\/\/ausencias.es\/img\/rosa_60x60.png\" width=\"60\" height=\"60\" \/><\/p>\n<p>&nbsp;<\/p>\n","protected":false},"excerpt":{"rendered":"<p>\u00bfPorqu\u00e9 no est\u00e1 la persona que busco? Para que aqu\u00ed figure una persona nos lo tiene que haber comunicado la familia, la empresa funeraria o cualquier persona responsable. Si no nos enteramos del deceso no podemos incluirlo, ya que nosotros no tenemos otro sistema de informaci\u00f3n al respecto. Normas sobre los comentarios y p\u00e9sames. \u00bfPorqu\u00e9Seguir leyendo &rarr;<\/p>\n","protected":false},"author":1,"featured_media":0,"parent":0,"menu_order":0,"comment_status":"closed","ping_status":"open","template":"","meta":{"footnotes":""},"class_list":["post-27","page","type-page","status-publish","hentry","no-thumb"],"_links":{"self":[{"href":"https:\/\/ausencias.es\/cacin\/index.php?rest_route=\/wp\/v2\/pages\/27","targetHints":{"allow":["GET"]}}],"collection":[{"href":"https:\/\/ausencias.es\/cacin\/index.php?rest_route=\/wp\/v2\/pages"}],"about":[{"href":"https:\/\/ausencias.es\/cacin\/index.php?rest_route=\/wp\/v2\/types\/page"}],"author":[{"embeddable":true,"href":"https:\/\/ausencias.es\/cacin\/index.php?rest_route=\/wp\/v2\/users\/1"}],"replies":[{"embeddable":true,"href":"https:\/\/ausencias.es\/cacin\/index.php?rest_route=%2Fwp%2Fv2%2Fcomments&post=27"}],"version-history":[{"count":5,"href":"https:\/\/ausencias.es\/cacin\/index.php?rest_route=\/wp\/v2\/pages\/27\/revisions"}],"predecessor-version":[{"id":966,"href":"https:\/\/ausencias.es\/cacin\/index.php?rest_route=\/wp\/v2\/pages\/27\/revisions\/966"}],"wp:attachment":[{"href":"https:\/\/ausencias.es\/cacin\/index.php?rest_route=%2Fwp%2Fv2%2Fmedia&parent=27"}],"curies":[{"name":"wp","href":"https:\/\/api.w.org\/{rel}","templated":true}]}}