
{"id":2,"date":"2010-01-22T20:57:30","date_gmt":"2010-01-22T19:57:30","guid":{"rendered":"http:\/\/ausencias.es\/mundi\/?page_id=2"},"modified":"2024-02-10T11:11:33","modified_gmt":"2024-02-10T10:11:33","slug":"about","status":"publish","type":"page","link":"https:\/\/ausencias.es\/mundi\/?page_id=2","title":{"rendered":"Normas"},"content":{"rendered":"<p><span style=\"font-size: 18pt;\"><strong>Normativa de esta p\u00e1gina<\/strong><\/span><\/p>\n<p>Esta p\u00e1gina est\u00e1 dedicada a recordar a las personas que por familiaridad, amistad, afinidad, conocimiento o sentimiento han formado parte de nuestra vida, han significado algo para nosotros o simplemente queremos tenerlas presentes.<\/p>\n<p>Es una p\u00e1gina laica que no utiliza s\u00edmbolos religiosos, pero que respeta cualquier creencia, y lo que los usuarios quieran dejar en textos o im\u00e1genes.<\/p>\n<p>Tampoco tenemos ning\u00fan inconveniente en incluir a cualquier persona que nos sea solicitada, independientemente de la fecha o del tiempo transcurrido.<\/p>\n<p>Esta p\u00e1gina no depende de ninguna instituci\u00f3n, los fallecimientos que se recogen son los que nos puedan enviar los familiares y amigos de los fallecidos, y son tratados con todo el respeto que ello merece.<\/p>\n<p>&#8211; Nombre completo de la persona que hace la solicitud, email y n\u00famero de tel\u00e9fono con el prefijo del pa\u00eds.<br \/>\n&#8211; Nombre completo del fallecido<br \/>\n&#8211; Nacionalidad<br \/>\n&#8211; Fecha de nacimiento<br \/>\n&#8211; Fecha de defunci\u00f3n<br \/>\n&#8211; Entierro o incineraci\u00f3n<br \/>\n&#8211; Lugar de entierro o incineraci\u00f3n, nombre del cementerio, pa\u00eds, lugar&#8230; y cualquier dato que aporte identificaci\u00f3n para quienes no conocen el pais, la ciudad o el sitio.<br \/>\n&#8211; Foto del fallecido, sin foto no se publica.<br \/>\n&#8211; Alg\u00fan documento acreditativo de que lo aportado es cierto.<\/p>\n<p>Enviar a nuestro correo: alhama@mail.com<\/p>\n<p>Nos atenemos a la legislaci\u00f3n y normativa espa\u00f1ola y europea, por lo que en caso de detectar cualquier tipo de fraude malintencionado nos reservamos el derecho de formular la correspondiente denuncia ante el tribunal correspondiente.<\/p>\n<p>No se publicar\u00e1 ninguna comunicaci\u00f3n que presente alguna duda o que no se atenga a los datos que se solicitan, incluyendo la imagen.<\/p>\n<p>Este es un servicio gratuito que\u00a0<strong>no admite ninguna reclamaci\u00f3n<\/strong>.<\/p>\n<p>S\u00f3lo si est\u00e1 de acuerdo con esto puede enviarnos su petici\u00f3n.<\/p>\n<p>Correo electr\u00f3nico: <a href=\"mailto:ausencias.es@gmail.com\" target=\"_blank\" rel=\"noopener\"><strong>ausencias.es@gmail.com<\/strong><\/a><\/p>\n<p>&nbsp;<\/p>\n<p><img loading=\"lazy\" decoding=\"async\" class=\"aligncenter\" src=\"https:\/\/ausencias.es\/img\/rosa_60x60.png\" width=\"60\" height=\"60\" \/><\/p>\n<p>&nbsp;<\/p>\n<p>&nbsp;<\/p>\n","protected":false},"excerpt":{"rendered":"<p>Normativa de esta p\u00e1gina Esta p\u00e1gina est\u00e1 dedicada a recordar a las personas que por familiaridad, amistad, afinidad, conocimiento o sentimiento han formado parte de nuestra vida, han significado algo para nosotros o simplemente queremos tenerlas presentes. Es una p\u00e1gina laica que no utiliza s\u00edmbolos religiosos, pero que respeta cualquier creencia, y lo que losSeguir leyendo &rarr;<\/p>\n","protected":false},"author":1,"featured_media":0,"parent":0,"menu_order":0,"comment_status":"open","ping_status":"open","template":"","meta":{"footnotes":""},"class_list":["post-2","page","type-page","status-publish","hentry","no-thumb"],"_links":{"self":[{"href":"https:\/\/ausencias.es\/mundi\/index.php?rest_route=\/wp\/v2\/pages\/2","targetHints":{"allow":["GET"]}}],"collection":[{"href":"https:\/\/ausencias.es\/mundi\/index.php?rest_route=\/wp\/v2\/pages"}],"about":[{"href":"https:\/\/ausencias.es\/mundi\/index.php?rest_route=\/wp\/v2\/types\/page"}],"author":[{"embeddable":true,"href":"https:\/\/ausencias.es\/mundi\/index.php?rest_route=\/wp\/v2\/users\/1"}],"replies":[{"embeddable":true,"href":"https:\/\/ausencias.es\/mundi\/index.php?rest_route=%2Fwp%2Fv2%2Fcomments&post=2"}],"version-history":[{"count":14,"href":"https:\/\/ausencias.es\/mundi\/index.php?rest_route=\/wp\/v2\/pages\/2\/revisions"}],"predecessor-version":[{"id":210,"href":"https:\/\/ausencias.es\/mundi\/index.php?rest_route=\/wp\/v2\/pages\/2\/revisions\/210"}],"wp:attachment":[{"href":"https:\/\/ausencias.es\/mundi\/index.php?rest_route=%2Fwp%2Fv2%2Fmedia&parent=2"}],"curies":[{"name":"wp","href":"https:\/\/api.w.org\/{rel}","templated":true}]}}