
{"id":26,"date":"2012-09-06T10:35:05","date_gmt":"2012-09-06T10:35:05","guid":{"rendered":"http:\/\/ausencias.es\/mundi\/?page_id=26"},"modified":"2024-02-10T11:10:58","modified_gmt":"2024-02-10T10:10:58","slug":"envianos-los-datos-de-tu-familiar","status":"publish","type":"page","link":"https:\/\/ausencias.es\/mundi\/?page_id=26","title":{"rendered":"Env\u00edanos los datos de tu familiar"},"content":{"rendered":"<p>Aqu\u00ed pueden tener el recuerdo de sus seres queridos, \u00a0sin\u00a0importar el lugar del mundo donde vivan, ni el tiempo que haga de su partida, pero para que se publiquen deben enviar todos los datos solicitados.<\/p>\n<p>Desde aqu\u00ed nos puede enviar los datos de la persona que quiera incluir en AUSENCIAS.<\/p>\n<p><strong>DATOS OBLIGATORIOS<\/strong><br \/>\n\u2013 Nombre completo de la persona que hace la solicitud, email y n\u00famero de tel\u00e9fono con el prefijo del pa\u00eds.<br \/>\n\u2013 Nombre completo del fallecido<br \/>\n\u2013 Nacionalidad<br \/>\n\u2013 Fecha de nacimiento<br \/>\n\u2013 Fecha de defunci\u00f3n<br \/>\n\u2013 Entierro o incineraci\u00f3n<br \/>\n\u2013 Lugar de entierro o incineraci\u00f3n, nombre del cementerio, pa\u00eds, lugar\u2026 y cualquier dato que aporte identificaci\u00f3n para quienes no conocen el pais, la ciudad o el sitio.<br \/>\n\u2013 Foto del fallecido, sin foto no se publica.<br \/>\n\u2013 Alg\u00fan documento acreditativo de que lo aportado es cierto.<\/p>\n<p><strong>AVISO<\/strong>: Si no adjunta la imagen puede que no se publique, o que tras su publicaci\u00f3n sea eliminado si transcurrido un tiempo razonable continua sin imagen.<\/p>\n<p>Este es un servicio gratuito que <strong>no admite ninguna reclamaci\u00f3n<\/strong>.<\/p>\n<p>No agregue recuerdos hasta que no lo hayamos incluido en la web.<\/p>\n<p>Solamente si est\u00e1 de acuerdo con lo solicitado puede efectuar el env\u00edo de acuerdo con los datos que figuran en las <a href=\"https:\/\/ausencias.es\/mundi\/?page_id=2\"><strong>NORMAS<\/strong><\/a>.<\/p>\n<p>Correo electr\u00f3nico: <a href=\"mailto:ausencias.es@gmail.com\" target=\"_blank\" rel=\"noopener\"><strong>ausencias.es@gmail.com<\/strong><\/a><\/p>\n<p>&nbsp;<\/p>\n<p><img loading=\"lazy\" decoding=\"async\" class=\"aligncenter\" src=\"https:\/\/ausencias.es\/img\/rosa_60x60.png\" width=\"60\" height=\"60\" \/><\/p>\n<p>&nbsp;<\/p>\n<p>&nbsp;<\/p>\n","protected":false},"excerpt":{"rendered":"<p>Aqu\u00ed pueden tener el recuerdo de sus seres queridos, \u00a0sin\u00a0importar el lugar del mundo donde vivan, ni el tiempo que haga de su partida, pero para que se publiquen deben enviar todos los datos solicitados. Desde aqu\u00ed nos puede enviar los datos de la persona que quiera incluir en AUSENCIAS. DATOS OBLIGATORIOS \u2013 Nombre completoSeguir leyendo &rarr;<\/p>\n","protected":false},"author":1,"featured_media":0,"parent":0,"menu_order":0,"comment_status":"open","ping_status":"open","template":"","meta":{"footnotes":""},"class_list":["post-26","page","type-page","status-publish","hentry","no-thumb"],"_links":{"self":[{"href":"https:\/\/ausencias.es\/mundi\/index.php?rest_route=\/wp\/v2\/pages\/26","targetHints":{"allow":["GET"]}}],"collection":[{"href":"https:\/\/ausencias.es\/mundi\/index.php?rest_route=\/wp\/v2\/pages"}],"about":[{"href":"https:\/\/ausencias.es\/mundi\/index.php?rest_route=\/wp\/v2\/types\/page"}],"author":[{"embeddable":true,"href":"https:\/\/ausencias.es\/mundi\/index.php?rest_route=\/wp\/v2\/users\/1"}],"replies":[{"embeddable":true,"href":"https:\/\/ausencias.es\/mundi\/index.php?rest_route=%2Fwp%2Fv2%2Fcomments&post=26"}],"version-history":[{"count":19,"href":"https:\/\/ausencias.es\/mundi\/index.php?rest_route=\/wp\/v2\/pages\/26\/revisions"}],"predecessor-version":[{"id":209,"href":"https:\/\/ausencias.es\/mundi\/index.php?rest_route=\/wp\/v2\/pages\/26\/revisions\/209"}],"wp:attachment":[{"href":"https:\/\/ausencias.es\/mundi\/index.php?rest_route=%2Fwp%2Fv2%2Fmedia&parent=26"}],"curies":[{"name":"wp","href":"https:\/\/api.w.org\/{rel}","templated":true}]}}